{"id":2,"date":"2016-05-10T03:48:21","date_gmt":"2016-05-10T03:48:21","guid":{"rendered":"https:\/\/swisskozanrehability.com\/?page_id=2"},"modified":"2025-06-22T00:33:13","modified_gmt":"2025-06-22T00:33:13","slug":"sample-page","status":"publish","type":"page","link":"https:\/\/swisskozanrehability.com\/","title":{"rendered":""},"content":{"rendered":"<p>Willkommen bei Swiss Kozan Rehability<\/p>\n<p>Mobilit\u00e4t erm\u00f6glichen. Lebensqualit\u00e4t steigern.<\/p>\n<p>Wir bieten hochwertige Reha-Technik und innovative L\u00f6sungen f\u00fcr Menschen mit Mobilit\u00e4tseinschr\u00e4nkungen.<\/p>\n<p>Unsere Partner: Invacare, Permobil, K\u00fcschall, Sunrise Medical, Degonda, Strack, Turbo Twist u.v.m.<\/p>\n<p>Beratung. Anpassung. Service.<\/p>\n<p>X Reparaturen aller Marken.<\/p>\n<p>\u00b0 Standort: Schweiz &#8211; f\u00fcr die ganze Region da.<\/p>\n<p>Kontakt: info@swisskozanrehability.com<\/p>\n\n\n<div class=\"wp-block-buttons is-layout-flex wp-block-buttons-is-layout-flex\">\n\n\n\n\n\n\n\n\n\n\n\n\n\n\n\n\n<div class=\"wp-block-button\"><a class=\"wp-block-button__link wp-element-button\">Speichern <\/a><\/div>\n\n\n\n\n\n\n<\/div>\n\n\n\n<div class=\"wp-block-file\"><a id=\"wp-block-file--media-4c49c486-3ecd-4b51-b932-d5726e92aef0\" href=\"https:\/\/swisskozanrehability.com\/wp-content\/uploads\/2025\/06\/IMG_0170-scaled.jpeg\">IMG_0170<\/a><a href=\"https:\/\/swisskozanrehability.com\/wp-content\/uploads\/2025\/06\/IMG_0170-scaled.jpeg\" class=\"wp-block-file__button wp-element-button\" download aria-describedby=\"wp-block-file--media-4c49c486-3ecd-4b51-b932-d5726e92aef0\">Herunterladen<\/a><\/div>\n\n\n\n\n\n<div class=\"wp-block-file\"><a id=\"wp-block-file--media-e1698b5d-0c77-4ab4-8eb8-6b4416508a06\" href=\"https:\/\/swisskozanrehability.com\/wp-content\/uploads\/2025\/06\/IMG_0262-scaled.png\">IMG_0262<\/a><a href=\"https:\/\/swisskozanrehability.com\/wp-content\/uploads\/2025\/06\/IMG_0262-scaled.png\" class=\"wp-block-file__button wp-element-button\" download aria-describedby=\"wp-block-file--media-e1698b5d-0c77-4ab4-8eb8-6b4416508a06\">Herunterladen<\/a><\/div>\n\n\n\n\n\n\n\n\n\n\n\n\n","protected":false},"excerpt":{"rendered":"<p>Willkommen bei Swiss Kozan Rehability Mobilit\u00e4t erm\u00f6glichen. Lebensqualit\u00e4t steigern. Wir bieten hochwertige Reha-Technik und innovative L\u00f6sungen f\u00fcr Menschen mit Mobilit\u00e4tseinschr\u00e4nkungen. Unsere Partner: Invacare, Permobil, K\u00fcschall, Sunrise Medical, Degonda, Strack, Turbo Twist u.v.m. Beratung. Anpassung. Service. X Reparaturen aller Marken. \u00b0 Standort: Schweiz &#8211; f\u00fcr die ganze Region da. Kontakt: info@swisskozanrehability.com<\/p>\n","protected":false},"author":1,"featured_media":0,"parent":0,"menu_order":0,"comment_status":"closed","ping_status":"open","template":"","meta":{"footnotes":""},"class_list":["post-2","page","type-page","status-publish","hentry"],"_links":{"self":[{"href":"https:\/\/swisskozanrehability.com\/index.php?rest_route=\/wp\/v2\/pages\/2","targetHints":{"allow":["GET"]}}],"collection":[{"href":"https:\/\/swisskozanrehability.com\/index.php?rest_route=\/wp\/v2\/pages"}],"about":[{"href":"https:\/\/swisskozanrehability.com\/index.php?rest_route=\/wp\/v2\/types\/page"}],"author":[{"embeddable":true,"href":"https:\/\/swisskozanrehability.com\/index.php?rest_route=\/wp\/v2\/users\/1"}],"replies":[{"embeddable":true,"href":"https:\/\/swisskozanrehability.com\/index.php?rest_route=%2Fwp%2Fv2%2Fcomments&post=2"}],"version-history":[{"count":10,"href":"https:\/\/swisskozanrehability.com\/index.php?rest_route=\/wp\/v2\/pages\/2\/revisions"}],"predecessor-version":[{"id":172,"href":"https:\/\/swisskozanrehability.com\/index.php?rest_route=\/wp\/v2\/pages\/2\/revisions\/172"}],"wp:attachment":[{"href":"https:\/\/swisskozanrehability.com\/index.php?rest_route=%2Fwp%2Fv2%2Fmedia&parent=2"}],"curies":[{"name":"wp","href":"https:\/\/api.w.org\/{rel}","templated":true}]}}